{"id":8,"date":"2019-11-15T10:41:36","date_gmt":"2019-11-15T07:41:36","guid":{"rendered":"http:\/\/makon.idu.edu.tr\/?page_id=8"},"modified":"2020-09-30T17:42:55","modified_gmt":"2020-09-30T14:42:55","slug":"davet","status":"publish","type":"page","link":"https:\/\/makon.idu.edu.tr\/index.php\/davet\/","title":{"rendered":"Davet"},"content":{"rendered":"\n\n\n\n<p><strong>De\u011ferli Meslekta\u015flar\u0131m\u0131z,<\/strong><\/p>\n\n\n\n<p>T\u00fcrkiye\u2019de farkl\u0131 \u00fcniversiteler ve fak\u00fclteler b\u00fcnyesinde toplamda 66 adet Maliye B\u00f6l\u00fcm\u00fc yer almaktad\u0131r. Akademisyenleri, lisans ve lisans\u00fcst\u00fc \u00f6\u011frencileriyle ve ayr\u0131ca meslek mensuplar\u0131yla birlikte olduk\u00e7a b\u00fcy\u00fck ve etkili bir camiay\u0131 temsil eden bu yap\u0131da, \u00f6zellikle gen\u00e7 maliyecilerin d\u00fc\u015f\u00fcnce, kuram ve ara\u015ft\u0131rmalar\u0131n\u0131 sunabilecekleri bir platform veya d\u00fczenli bir akademik etkinlik bulunmamaktad\u0131r. Dolay\u0131s\u0131yla, b\u00f6yle bir platform ve etkinli\u011fin planlanarak, her y\u0131l bir \u00fcniversitenin himayesinde yap\u0131lmas\u0131 \u00e7ok \u00f6nemli bir eksikli\u011fin giderilmesi anlam\u0131na gelecektir. Elbette ilk Maliye \u00d6\u011frencileri Kongresinin, T\u00fcrkiye\u2019nin ilk iktisat kongresinin yap\u0131ld\u0131\u011f\u0131 \u0130zmir\u2019de ve \u0130zmir \u00fcniversitelerinin \u00f6nc\u00fcl\u00fc\u011f\u00fcnde ger\u00e7ekle\u015ftirilecek olmas\u0131 da ayr\u0131 bir \u00f6nem arz etmektedir. Buna y\u00f6nelik olarak ba\u015flatt\u0131\u011f\u0131m\u0131z \u00e7al\u0131\u015fmalar somutla\u015fmaya ba\u015flam\u0131\u015ft\u0131r. 1. Maliye \u00d6\u011frencileri Kongresi (MAKON 2020), <strong>16-18 Ekim 2020 tarihlerinde \u0130zmir Demokrasi \u00dcniversitesi\u2019nde yap\u0131lacakt\u0131r<\/strong>. Kongre sonunda, genel kurul toplanacak, \u00f6\u011frenci a\u011f\u0131rl\u0131kl\u0131 olmak \u00fczere bir MAKON Kongre Kurulu olu\u015fturulacakt\u0131r. Bundan sonraki MAKON Kongreleri bu Kurul taraf\u0131ndan y\u00fcr\u00fct\u00fclecek ve her y\u0131l bir ba\u015fka \u00fcniversitenin b\u00fcnyesinde ger\u00e7ekle\u015ftirilecektir. <\/p>\n\n\n\n<p>Bu s\u00fcre\u00e7te; maliye camias\u0131n\u0131n t\u00fcm bile\u015fenlerini (akademisyen, \u00f6\u011frenci, mezun, meslek mensubu, YMM, SMMM, vergi hukuk\u00e7u ve hakimleri, yerel y\u00f6netimlerde g\u00f6rev alanlar ve di\u011fer meslekta\u015flar\u0131m\u0131z) MAKON\u2019un bir payda\u015f\u0131 ve asli unsuru olarak g\u00f6rd\u00fc\u011f\u00fcm\u00fczden; Maliye camias\u0131n\u0131n gerek kurumsal gerekse bireysel t\u00fcm mensuplar\u0131n\u0131n maddi ve manevi katk\u0131s\u0131 bizler ve dahas\u0131 \u00f6\u011frencilerimiz i\u00e7in olduk\u00e7a \u00f6nemlidir. <\/p>\n\n\n\n<p>Cumhuriyetimizin kurucusu M. Kemal ATAT\u00dcRK \u201cDevletin her kurumu ancak g\u00fc\u00e7l\u00fc bir maliye ile ya\u015far\u201d demi\u015f ve Maliye e\u011fitimi ve mesle\u011finin \u00f6nemini ortaya koymu\u015ftur. Demek ki Maliyecilerin kendi i\u00e7erisinde dayan\u0131\u015fmas\u0131, ayn\u0131 zamanda devletin temellerini de g\u00fc\u00e7lendirecektir. Bu vesileyle t\u00fcm payda\u015flar\u0131m\u0131z\u0131, bize omuz vermeye, Maliye camias\u0131n\u0131 sahiplenmeye ve ilkini ger\u00e7ekle\u015ftirece\u011fimiz Maliye \u00d6\u011frencileri Kongresi s\u00fcrecinde gen\u00e7 Maliyecileri desteklemeye davet ediyoruz. <\/p>\n\n\n\n<p>Sevgili \u00f6\u011frencilerimizden de akademik \u00e7al\u0131\u015fma ve bilimsel azimleriyle kendilerine ait bu kongreyi sahiplenmelerini ve s\u00fcrece katk\u0131 koymalar\u0131n\u0131 bekliyoruz. <strong>\u00c7\u00fcnk\u00fc sizin de art\u0131k bir kongreniz var!<\/strong><\/p>\n\n\n\n<p><\/p>\n\n\n\n<p><strong>Kongre Ba\u015fkan\u0131<\/strong><\/p>\n\n\n\n<p>Prof.Dr. Bedriye TUN\u00c7S\u0130PER<\/p>\n\n\n\n<p><\/p>\n\n\n\n<p><\/p>\n\n\n\n<p><strong>Kongrenin Hedef Kitlesi (Kat\u0131l\u0131mc\u0131lar\u0131): <\/strong>\u00dclke Geneli Maliye B\u00f6l\u00fcm\u00fc (A.B.D.) Lisans ve Lisans\u00fcst\u00fc \u00d6\u011frencileri<\/p>\n\n\n\n<p><strong>Kongre Tarihi:<\/strong> 16-18 Ekim 2020<\/p>\n\n\n\n<p><strong>Kongre Yeri:<\/strong> \u0130zmir Demokrasi \u00dcniversitesi Merkez Binas\u0131 Konferans Salonu<\/p>\n\n\n\n<p><strong>Kongre S\u00fcresi:<\/strong> 3 g\u00fcn 5 oturum Son oturumda Genel Kurul yap\u0131lacak, bir sonraki kongreyi\nd\u00fczenleyecek \u00fcniversite maliye b\u00f6l\u00fcm\u00fc belirlenecek.<\/p>\n\n\n\n<p><strong>ALT\nBA\u015eLIKLAR:<\/strong><\/p>\n\n\n\n<ul class=\"wp-block-list\"><li>Maliye Teorisi<\/li><li>Mali \u0130ktisat<\/li><li>Mali Hukuk<\/li><li>B\u00fct\u00e7e ve Mali Planlama<\/li><\/ul>\n\n\n\n<p><\/p>\n\n\n\n<u><h2>Payda\u015flar\u0131m\u0131z:<\/h2><\/u>\n\n\n\n<table width=\"\" border=\"0\">\n  <tbody>\n    <tr>\n      <td><img loading=\"lazy\" decoding=\"async\" src=\"https:\/\/makon.idu.edu.tr\/wp-content\/uploads\/2019\/12\/DEU-Logo-PNG-500x500.png\" alt=\"\" width=\"150\" height=\"150\"> <\/td>\n      <td><img loading=\"lazy\" decoding=\"async\" src=\"https:\/\/makon.idu.edu.tr\/wp-content\/uploads\/2019\/12\/katip.png\" alt=\"\" width=\"150\" height=\"150\"><\/td>\n      <td><img loading=\"lazy\" decoding=\"async\" src=\"https:\/\/makon.idu.edu.tr\/wp-content\/uploads\/2019\/12\/erciyes.png\" alt=\"\" width=\"150\" height=\"150\"><\/td>\n<td><img loading=\"lazy\" decoding=\"async\" src=\"https:\/\/makon.idu.edu.tr\/wp-content\/uploads\/2019\/12\/ivdlogo.png\" alt=\"\" width=\"200\" height=\"200\"><\/td>\n      <td><img loading=\"lazy\" decoding=\"async\" src=\"https:\/\/makon.idu.edu.tr\/wp-content\/uploads\/2020\/02\/izmir.png\" alt=\"\" width=\"200\" height=\"200\"><\/td>\n\n  <td><img loading=\"lazy\" decoding=\"async\" src=\"https:\/\/makon.idu.edu.tr\/wp-content\/uploads\/2019\/12\/karaba\u011flar-belediyesi.png\" alt=\"\" width=\"150\" height=\"150\"><\/td>\n     \n <td><img loading=\"lazy\" decoding=\"async\" src=\"https:\/\/makon.idu.edu.tr\/wp-content\/uploads\/2019\/12\/izka_logo-01-724x1024.png\" alt=\"\" width=\"140\" height=\"140\"><\/td>\n         \n     \n     \n   \n    <\/tr>\n  <\/tbody>\n<\/table>\n\n\n  <u><h2>Destekleyenler:<\/h2><\/u>   \n\n<table width=\"\" border=\"0\">\n  <tbody>\n    <tr>\n     \n      \n     \n <td><img loading=\"lazy\" decoding=\"async\" src=\"https:\/\/makon.idu.edu.tr\/wp-content\/uploads\/2019\/12\/vergimuf.png\" alt=\"\" width=\"150\" height=\"150\"><\/td>\n     \n     \n      <td><img loading=\"lazy\" decoding=\"async\" src=\"https:\/\/makon.idu.edu.tr\/wp-content\/uploads\/2019\/12\/izmirmmm.png\" alt=\"\" width=\"150\" height=\"150\"><\/td>\n\n     <td><img loading=\"lazy\" decoding=\"async\" src=\"https:\/\/makon.idu.edu.tr\/wp-content\/uploads\/2020\/01\/izmirsmmm2.png\" alt=\"\" width=\"110\" height=\"110\"><\/td>\n  \n \n     \n      <td><img loading=\"lazy\" decoding=\"async\" src=\"https:\/\/makon.idu.edu.tr\/wp-content\/uploads\/2019\/12\/nazal\u0131.png\" alt=\"\" width=\"200\" height=\"200\"><\/td>\n<\/tr>\n  <\/tbody>\n<\/table>\n","protected":false},"excerpt":{"rendered":"<p>De\u011ferli Meslekta\u015flar\u0131m\u0131z, T\u00fcrkiye\u2019de farkl\u0131 \u00fcniversiteler ve fak\u00fclteler b\u00fcnyesinde toplamda 66 adet Maliye B\u00f6l\u00fcm\u00fc yer almaktad\u0131r. Akademisyenleri, lisans ve lisans\u00fcst\u00fc \u00f6\u011frencileriyle ve ayr\u0131ca meslek mensuplar\u0131yla birlikte olduk\u00e7a b\u00fcy\u00fck ve etkili bir camiay\u0131 temsil eden bu yap\u0131da, \u00f6zellikle gen\u00e7 maliyecilerin d\u00fc\u015f\u00fcnce, kuram ve ara\u015ft\u0131rmalar\u0131n\u0131 sunabilecekleri bir platform veya d\u00fczenli bir akademik etkinlik bulunmamaktad\u0131r. Dolay\u0131s\u0131yla, b\u00f6yle bir platform ve etkinli\u011fin planlanarak, her y\u0131l bir \u00fcniversitenin himayesinde yap\u0131lmas\u0131 \u00e7ok \u00f6nemli bir eksikli\u011fin giderilmesi anlam\u0131na gelecektir. Elbette ilk Maliye \u00d6\u011frencileri Kongresinin, T\u00fcrkiye\u2019nin ilk iktisat kongresinin yap\u0131ld\u0131\u011f\u0131 \u0130zmir\u2019de ve \u0130zmir \u00fcniversitelerinin \u00f6nc\u00fcl\u00fc\u011f\u00fcnde ger\u00e7ekle\u015ftirilecek olmas\u0131 da ayr\u0131 bir \u00f6nem arz etmektedir. Buna y\u00f6nelik olarak ba\u015flatt\u0131\u011f\u0131m\u0131z \u00e7al\u0131\u015fmalar somutla\u015fmaya ba\u015flam\u0131\u015ft\u0131r. 1. Maliye \u00d6\u011frencileri Kongresi (MAKON 2020), 16-18 Ekim 2020 tarihlerinde \u0130zmir Demokrasi \u00dcniversitesi\u2019nde yap\u0131lacakt\u0131r. Kongre sonunda, genel kurul toplanacak, \u00f6\u011frenci a\u011f\u0131rl\u0131kl\u0131 olmak \u00fczere bir MAKON Kongre Kurulu olu\u015fturulacakt\u0131r. Bundan sonraki MAKON Kongreleri bu Kurul taraf\u0131ndan y\u00fcr\u00fct\u00fclecek ve her y\u0131l bir ba\u015fka \u00fcniversitenin b\u00fcnyesinde ger\u00e7ekle\u015ftirilecektir. Bu s\u00fcre\u00e7te; maliye camias\u0131n\u0131n t\u00fcm bile\u015fenlerini (akademisyen, \u00f6\u011frenci, mezun, meslek mensubu, YMM, SMMM, vergi hukuk\u00e7u ve hakimleri, yerel y\u00f6netimlerde g\u00f6rev alanlar ve di\u011fer meslekta\u015flar\u0131m\u0131z) MAKON\u2019un bir payda\u015f\u0131 ve asli unsuru olarak g\u00f6rd\u00fc\u011f\u00fcm\u00fczden; Maliye camias\u0131n\u0131n gerek kurumsal gerekse bireysel t\u00fcm mensuplar\u0131n\u0131n maddi ve manevi katk\u0131s\u0131 bizler ve dahas\u0131 \u00f6\u011frencilerimiz i\u00e7in olduk\u00e7a \u00f6nemlidir. Cumhuriyetimizin kurucusu M. Kemal ATAT\u00dcRK \u201cDevletin her kurumu ancak g\u00fc\u00e7l\u00fc bir maliye ile ya\u015far\u201d demi\u015f ve Maliye e\u011fitimi ve mesle\u011finin \u00f6nemini ortaya koymu\u015ftur. Demek ki Maliyecilerin kendi i\u00e7erisinde dayan\u0131\u015fmas\u0131, ayn\u0131 zamanda devletin temellerini de g\u00fc\u00e7lendirecektir. Bu vesileyle t\u00fcm payda\u015flar\u0131m\u0131z\u0131, bize omuz vermeye, Maliye camias\u0131n\u0131 sahiplenmeye ve ilkini ger\u00e7ekle\u015ftirece\u011fimiz Maliye \u00d6\u011frencileri Kongresi s\u00fcrecinde gen\u00e7 Maliyecileri desteklemeye davet ediyoruz. Sevgili \u00f6\u011frencilerimizden de akademik \u00e7al\u0131\u015fma ve bilimsel azimleriyle kendilerine ait bu kongreyi sahiplenmelerini ve s\u00fcrece katk\u0131 koymalar\u0131n\u0131 bekliyoruz. \u00c7\u00fcnk\u00fc sizin de art\u0131k bir kongreniz var! Kongre Ba\u015fkan\u0131 Prof.Dr. Bedriye TUN\u00c7S\u0130PER Kongrenin Hedef Kitlesi (Kat\u0131l\u0131mc\u0131lar\u0131): \u00dclke Geneli Maliye B\u00f6l\u00fcm\u00fc (A.B.D.) Lisans ve Lisans\u00fcst\u00fc \u00d6\u011frencileri Kongre Tarihi: 16-18 Ekim 2020 Kongre Yeri: \u0130zmir Demokrasi \u00dcniversitesi Merkez Binas\u0131 Konferans Salonu Kongre S\u00fcresi: 3 g\u00fcn 5 oturum Son oturumda Genel Kurul yap\u0131lacak, bir sonraki kongreyi d\u00fczenleyecek \u00fcniversite maliye b\u00f6l\u00fcm\u00fc belirlenecek. ALT BA\u015eLIKLAR: Maliye Teorisi Mali \u0130ktisat Mali Hukuk B\u00fct\u00e7e ve Mali Planlama Payda\u015flar\u0131m\u0131z: Destekleyenler:<\/p>\n","protected":false},"author":1,"featured_media":0,"parent":0,"menu_order":0,"comment_status":"closed","ping_status":"closed","template":"","meta":{"footnotes":""},"class_list":["post-8","page","type-page","status-publish","hentry"],"_links":{"self":[{"href":"https:\/\/makon.idu.edu.tr\/index.php\/wp-json\/wp\/v2\/pages\/8","targetHints":{"allow":["GET"]}}],"collection":[{"href":"https:\/\/makon.idu.edu.tr\/index.php\/wp-json\/wp\/v2\/pages"}],"about":[{"href":"https:\/\/makon.idu.edu.tr\/index.php\/wp-json\/wp\/v2\/types\/page"}],"author":[{"embeddable":true,"href":"https:\/\/makon.idu.edu.tr\/index.php\/wp-json\/wp\/v2\/users\/1"}],"replies":[{"embeddable":true,"href":"https:\/\/makon.idu.edu.tr\/index.php\/wp-json\/wp\/v2\/comments?post=8"}],"version-history":[{"count":65,"href":"https:\/\/makon.idu.edu.tr\/index.php\/wp-json\/wp\/v2\/pages\/8\/revisions"}],"predecessor-version":[{"id":404,"href":"https:\/\/makon.idu.edu.tr\/index.php\/wp-json\/wp\/v2\/pages\/8\/revisions\/404"}],"wp:attachment":[{"href":"https:\/\/makon.idu.edu.tr\/index.php\/wp-json\/wp\/v2\/media?parent=8"}],"curies":[{"name":"wp","href":"https:\/\/api.w.org\/{rel}","templated":true}]}}