{"id":43,"date":"2019-11-15T15:06:12","date_gmt":"2019-11-15T15:06:12","guid":{"rendered":"http:\/\/makon.idu.edu.tr\/?page_id=43"},"modified":"2019-12-30T12:41:29","modified_gmt":"2019-12-30T09:41:29","slug":"iletisim","status":"publish","type":"page","link":"https:\/\/makon.idu.edu.tr\/index.php\/iletisim\/","title":{"rendered":"\u0130leti\u015fim"},"content":{"rendered":"\n<p><strong>Adres:<\/strong><br>\u0130zmir Demokrasi \u00dcniversitesi G\u00fcrsel Aksel Bulvar\u0131<br>No:14 \u00dc\u00e7kuyular\/Karaba\u011flar \u0130zmir \/ T\u00dcRK\u0130YE<\/p>\n\n\n\n<p>D\u00fczenleme Kurulu \u0130leti\u015fim: + 90 232 260 10 01 Dahili: 456-458-268<em> <br><\/em>\u0130leti\u015fim E-posta: <\/p>\n\n\n\n<p>musa.gok@idu.edu.tr<\/p>\n\n\n\n<p>rkutlu.korlu@idu.edu.tr<\/p>\n\n\n\n<p>ufuk.gencel@idu.edu.tr<\/p>\n\n\n\n<p>ferhatakbey@erciyes.edu.tr<br><\/p>\n\n\n\n<p><\/p>\n\n\n\n<p><iframe loading=\"lazy\" src=\"https:\/\/www.google.com\/maps\/d\/embed?mid=1GAc5KhGngDwvx7ZZ7jCYAg1uxKtY5jep\" width=\"640\" height=\"480\"><\/iframe><\/p>\n","protected":false},"excerpt":{"rendered":"<p>Adres:\u0130zmir Demokrasi \u00dcniversitesi G\u00fcrsel Aksel Bulvar\u0131No:14 \u00dc\u00e7kuyular\/Karaba\u011flar \u0130zmir \/ T\u00dcRK\u0130YE D\u00fczenleme Kurulu \u0130leti\u015fim: + 90 232 260 10 01 Dahili: 456-458-268 \u0130leti\u015fim E-posta: musa.gok@idu.edu.tr rkutlu.korlu@idu.edu.tr ufuk.gencel@idu.edu.tr ferhatakbey@erciyes.edu.tr<\/p>\n","protected":false},"author":1,"featured_media":0,"parent":0,"menu_order":0,"comment_status":"closed","ping_status":"closed","template":"","meta":{"footnotes":""},"class_list":["post-43","page","type-page","status-publish","hentry"],"_links":{"self":[{"href":"https:\/\/makon.idu.edu.tr\/index.php\/wp-json\/wp\/v2\/pages\/43","targetHints":{"allow":["GET"]}}],"collection":[{"href":"https:\/\/makon.idu.edu.tr\/index.php\/wp-json\/wp\/v2\/pages"}],"about":[{"href":"https:\/\/makon.idu.edu.tr\/index.php\/wp-json\/wp\/v2\/types\/page"}],"author":[{"embeddable":true,"href":"https:\/\/makon.idu.edu.tr\/index.php\/wp-json\/wp\/v2\/users\/1"}],"replies":[{"embeddable":true,"href":"https:\/\/makon.idu.edu.tr\/index.php\/wp-json\/wp\/v2\/comments?post=43"}],"version-history":[{"count":8,"href":"https:\/\/makon.idu.edu.tr\/index.php\/wp-json\/wp\/v2\/pages\/43\/revisions"}],"predecessor-version":[{"id":224,"href":"https:\/\/makon.idu.edu.tr\/index.php\/wp-json\/wp\/v2\/pages\/43\/revisions\/224"}],"wp:attachment":[{"href":"https:\/\/makon.idu.edu.tr\/index.php\/wp-json\/wp\/v2\/media?parent=43"}],"curies":[{"name":"wp","href":"https:\/\/api.w.org\/{rel}","templated":true}]}}