{"id":341,"date":"2020-09-01T09:43:17","date_gmt":"2020-09-01T06:43:17","guid":{"rendered":"http:\/\/makon.idu.edu.tr\/?page_id=341"},"modified":"2020-09-01T09:43:17","modified_gmt":"2020-09-01T06:43:17","slug":"toplanti-yardim","status":"publish","type":"page","link":"https:\/\/makon.idu.edu.tr\/index.php\/toplanti-yardim\/","title":{"rendered":"Toplant\u0131 Yard\u0131m"},"content":{"rendered":"\n&nbsp;\n\n<strong>ADIM 1: Sistemde kay\u0131tl\u0131 olan mail adresinizi kontrol edin.\u00a0<\/strong>\n\n&nbsp;\n\n<img loading=\"lazy\" decoding=\"async\" class=\"alignnone size-full wp-image-798\" src=\"http:\/\/iches2020.idu.edu.tr\/wp-content\/uploads\/2020\/06\/toplanti1.png\" alt=\"\" width=\"1000\" height=\"316\" \/>\n\n&nbsp;\n\n<strong>ADIM 2: Kongre toplant\u0131lar\u0131na kat\u0131labilmek i\u00e7in mailinize g\u00f6nderilen &#8216;Microsoft Teams&#8217; davetini a\u00e7\u0131n.<\/strong>\n\n&nbsp;\n\n<img loading=\"lazy\" decoding=\"async\" class=\"alignnone size-full wp-image-797\" src=\"http:\/\/iches2020.idu.edu.tr\/wp-content\/uploads\/2020\/06\/toplanti2.png\" alt=\"\" width=\"1241\" height=\"748\" \/>\n\n&nbsp;\n\n<strong>ADIM 3: Kongre oturumlar\u0131n\u0131 daha rahat takip edebilmek i\u00e7in Microsoft Teams uygulamas\u0131n\u0131 indirebilirsiniz.\u00a0<\/strong>\n\n&nbsp;\n\n<img loading=\"lazy\" decoding=\"async\" class=\"alignnone wp-image-796\" src=\"http:\/\/iches2020.idu.edu.tr\/wp-content\/uploads\/2020\/06\/toplanti3.png\" alt=\"\" width=\"1049\" height=\"507\" \/>\n\n&nbsp;\n\n<strong>ADIM 4: Sisteme kay\u0131tl\u0131 mail adresinizle oturum a\u00e7\u0131n.<\/strong>\n\n&nbsp;\n\n<img loading=\"lazy\" decoding=\"async\" class=\"alignnone size-full wp-image-795\" src=\"http:\/\/iches2020.idu.edu.tr\/wp-content\/uploads\/2020\/06\/toplanti4.png\" alt=\"\" width=\"763\" height=\"676\" \/>\n\n&nbsp;\n\n<strong>ADIM 5: Kongre ekibine kat\u0131l\u0131m\u0131n\u0131z sa\u011flanacakt\u0131r.<\/strong>\n\n&nbsp;\n\n<img loading=\"lazy\" decoding=\"async\" class=\"alignnone wp-image-794\" src=\"http:\/\/iches2020.idu.edu.tr\/wp-content\/uploads\/2020\/06\/toplanti5.png\" alt=\"\" width=\"484\" height=\"437\" \/>\n\n&nbsp;\n\n<strong>ADIM 6: Kongre g\u00fcn ve saatine uygun olarak olu\u015fturulmu\u015f toplant\u0131ya kat\u0131labilirsiniz.<\/strong>\n\n<img loading=\"lazy\" decoding=\"async\" class=\"alignnone size-large wp-image-830\" src=\"http:\/\/iches2020.idu.edu.tr\/wp-content\/uploads\/2020\/06\/ad\u0131m6-2-1024x628.png\" alt=\"\" width=\"960\" height=\"589\" \/>\n<h1 class=\"title style-scope ytd-video-primary-info-renderer\">Konferansa Kat\u0131lmak i\u00e7in Teams Kullan\u0131m\u0131<\/h1>\n<iframe loading=\"lazy\" src=\"https:\/\/www.youtube.com\/embed\/y_IGPW2dtd4\" width=\"800\" height=\"400\" frameborder=\"0\" allowfullscreen=\"allowfullscreen\"><\/iframe>\n\n&nbsp;\n<h1 class=\"title style-scope ytd-video-primary-info-renderer\">Bildiri Sunmak i\u00e7in Teams Kullan\u0131m\u0131<\/h1>\n<iframe loading=\"lazy\" src=\"https:\/\/www.youtube.com\/embed\/FCeqLECIEds\" width=\"800\" height=\"400\" frameborder=\"0\" allowfullscreen=\"allowfullscreen\"><\/iframe>\n","protected":false},"excerpt":{"rendered":"<p>&nbsp; ADIM 1: Sistemde kay\u0131tl\u0131 olan mail adresinizi kontrol edin.\u00a0 &nbsp; &nbsp; ADIM 2: Kongre toplant\u0131lar\u0131na kat\u0131labilmek i\u00e7in mailinize g\u00f6nderilen &#8216;Microsoft Teams&#8217; davetini a\u00e7\u0131n. &nbsp; &nbsp; ADIM 3: Kongre oturumlar\u0131n\u0131 daha rahat takip edebilmek i\u00e7in Microsoft Teams uygulamas\u0131n\u0131 indirebilirsiniz.\u00a0 &nbsp; &nbsp; ADIM 4: Sisteme kay\u0131tl\u0131 mail adresinizle oturum a\u00e7\u0131n. &nbsp; &nbsp; ADIM 5: Kongre ekibine kat\u0131l\u0131m\u0131n\u0131z sa\u011flanacakt\u0131r. &nbsp; &nbsp; ADIM 6: Kongre g\u00fcn ve saatine uygun olarak olu\u015fturulmu\u015f toplant\u0131ya kat\u0131labilirsiniz. Konferansa Kat\u0131lmak i\u00e7in Teams Kullan\u0131m\u0131 &nbsp; Bildiri Sunmak i\u00e7in Teams Kullan\u0131m\u0131<\/p>\n","protected":false},"author":1,"featured_media":0,"parent":0,"menu_order":0,"comment_status":"closed","ping_status":"closed","template":"","meta":{"footnotes":""},"class_list":["post-341","page","type-page","status-publish","hentry"],"_links":{"self":[{"href":"https:\/\/makon.idu.edu.tr\/index.php\/wp-json\/wp\/v2\/pages\/341","targetHints":{"allow":["GET"]}}],"collection":[{"href":"https:\/\/makon.idu.edu.tr\/index.php\/wp-json\/wp\/v2\/pages"}],"about":[{"href":"https:\/\/makon.idu.edu.tr\/index.php\/wp-json\/wp\/v2\/types\/page"}],"author":[{"embeddable":true,"href":"https:\/\/makon.idu.edu.tr\/index.php\/wp-json\/wp\/v2\/users\/1"}],"replies":[{"embeddable":true,"href":"https:\/\/makon.idu.edu.tr\/index.php\/wp-json\/wp\/v2\/comments?post=341"}],"version-history":[{"count":2,"href":"https:\/\/makon.idu.edu.tr\/index.php\/wp-json\/wp\/v2\/pages\/341\/revisions"}],"predecessor-version":[{"id":344,"href":"https:\/\/makon.idu.edu.tr\/index.php\/wp-json\/wp\/v2\/pages\/341\/revisions\/344"}],"wp:attachment":[{"href":"https:\/\/makon.idu.edu.tr\/index.php\/wp-json\/wp\/v2\/media?parent=341"}],"curies":[{"name":"wp","href":"https:\/\/api.w.org\/{rel}","templated":true}]}}