{"id":219,"date":"2019-12-30T12:17:46","date_gmt":"2019-12-30T09:17:46","guid":{"rendered":"http:\/\/makon.idu.edu.tr\/?page_id=219"},"modified":"2019-12-30T12:17:46","modified_gmt":"2019-12-30T09:17:46","slug":"ozet-yazim-kurallari","status":"publish","type":"page","link":"https:\/\/makon.idu.edu.tr\/index.php\/ozet-yazim-kurallari\/","title":{"rendered":"\u00d6zet Yaz\u0131m Kurallar\u0131"},"content":{"rendered":"\n<p><\/p>\n\n\n\n<p><strong>Bildiri Ba\u015fl\u0131\u011f\u0131 \u00a0(14 punto, b\u00fcy\u00fck harf, kal\u0131n, tek aral\u0131k)<\/strong><\/p>\n\n\n\n<p><strong>Yazar 1<a href=\"#_ftn1\"><strong>[1]<\/strong><\/a>,\nYazar 2<a href=\"#_ftn2\"><strong>[2]<\/strong><\/a>,\nYazar 3<a href=\"#_ftn3\"><strong>[3]<\/strong><\/a> (10\npunto, ilk harfler b\u00fcy\u00fck, kal\u0131n, Times New Roman) <\/strong><\/p>\n\n\n\n<p><strong>\u00d6ZET <\/strong>(12 punto, Times New\nRoman, tek sat\u0131r, en fazla 500 kelime)<\/p>\n\n\n\n<p><strong>Anahtar Kelimeler:<\/strong> en az 3 anahtar kelime, 9 punto, Times New Roman <br><\/p>\n\n\n\n<hr class=\"wp-block-separator\"\/>\n\n\n\n<p><a href=\"#_ftnref1\">[1]<\/a> Yazar 1. Kurum \u0130smi, posta adresi, \u015fehir, \u00fclke, e-mail. (9 punto Times New Roman  )<\/p>\n\n\n\n<p><a href=\"#_ftnref2\">[2]<\/a> Yazar 2. Kurum \u0130smi, posta adresi, \u015fehir, \u00fclke, e-mail. (9 punto Times New Roman  <\/p>\n\n\n\n<p><a href=\"#_ftnref3\">[3]<\/a> Yazar 3. Kurum \u0130smi, posta adresi, \u015fehir, \u00fclke, e-mail. (9 punto Times New Roman  )<\/p>\n","protected":false},"excerpt":{"rendered":"<p>Bildiri Ba\u015fl\u0131\u011f\u0131 \u00a0(14 punto, b\u00fcy\u00fck harf, kal\u0131n, tek aral\u0131k) Yazar 1[1], Yazar 2[2], Yazar 3[3] (10 punto, ilk harfler b\u00fcy\u00fck, kal\u0131n, Times New Roman) \u00d6ZET (12 punto, Times New Roman, tek sat\u0131r, en fazla 500 kelime) Anahtar Kelimeler: en az 3 anahtar kelime, 9 punto, Times New Roman [1] Yazar 1. Kurum \u0130smi, posta adresi, \u015fehir, \u00fclke, e-mail. (9 punto Times New Roman ) [2] Yazar 2. Kurum \u0130smi, posta adresi, \u015fehir, \u00fclke, e-mail. (9 punto Times New Roman [3] Yazar 3. Kurum \u0130smi, posta adresi, \u015fehir, \u00fclke, e-mail. (9 punto Times New Roman )<\/p>\n","protected":false},"author":1,"featured_media":0,"parent":0,"menu_order":0,"comment_status":"closed","ping_status":"closed","template":"","meta":{"footnotes":""},"class_list":["post-219","page","type-page","status-publish","hentry"],"_links":{"self":[{"href":"https:\/\/makon.idu.edu.tr\/index.php\/wp-json\/wp\/v2\/pages\/219","targetHints":{"allow":["GET"]}}],"collection":[{"href":"https:\/\/makon.idu.edu.tr\/index.php\/wp-json\/wp\/v2\/pages"}],"about":[{"href":"https:\/\/makon.idu.edu.tr\/index.php\/wp-json\/wp\/v2\/types\/page"}],"author":[{"embeddable":true,"href":"https:\/\/makon.idu.edu.tr\/index.php\/wp-json\/wp\/v2\/users\/1"}],"replies":[{"embeddable":true,"href":"https:\/\/makon.idu.edu.tr\/index.php\/wp-json\/wp\/v2\/comments?post=219"}],"version-history":[{"count":1,"href":"https:\/\/makon.idu.edu.tr\/index.php\/wp-json\/wp\/v2\/pages\/219\/revisions"}],"predecessor-version":[{"id":221,"href":"https:\/\/makon.idu.edu.tr\/index.php\/wp-json\/wp\/v2\/pages\/219\/revisions\/221"}],"wp:attachment":[{"href":"https:\/\/makon.idu.edu.tr\/index.php\/wp-json\/wp\/v2\/media?parent=219"}],"curies":[{"name":"wp","href":"https:\/\/api.w.org\/{rel}","templated":true}]}}