{"id":15,"date":"2019-11-15T14:42:07","date_gmt":"2019-11-15T14:42:07","guid":{"rendered":"http:\/\/makon.idu.edu.tr\/?page_id=15"},"modified":"2020-02-18T15:29:39","modified_gmt":"2020-02-18T12:29:39","slug":"duzenleme-kurulu","status":"publish","type":"page","link":"https:\/\/makon.idu.edu.tr\/index.php\/duzenleme-kurulu\/","title":{"rendered":"D\u00fczenleme Kurulu"},"content":{"rendered":"\n<p>D\u00fczenleme Kurulu Ba\u015fkan\u0131: Prof. Dr. Bedriye TUN\u00c7S\u0130PER (\u0130D\u00dc Rekt\u00f6r\u00fc)<\/p>\n\n\n\n<li>Prof.Dr. H\u00fcseyin AKAY (\u0130D\u00dc \u0130\u0130BF Dekan V.)<\/li>\n\n\n\n<li>Prof.Dr. Cevdet Alptekin KAYALI  (\u0130D\u00dc \u0130\u0130BF \u0130\u015fletme B\u00f6l\u00fcm\u00fc) <\/li>\n\n\n\n<li>Prof.Dr. Zeynep ARIKAN (DE\u00dc \u0130\u0130BF Maliye B\u00f6l\u00fcm Ba\u015fkan\u0131)<\/li>\n\n\n\n<li>Prof.Dr. Bernur A\u00c7IKG\u00d6Z (\u0130K\u00c7\u00dc \u0130\u0130BF Maliye B\u00f6l\u00fcm Ba\u015fkan\u0131)<\/li>\n\n\n\n<li>Do\u00e7. Dr. Musa G\u00d6K (\u0130D\u00dc \u0130\u0130BF Maliye B\u00f6l\u00fcm\u00fc) &#8211; D\u00fczenleme Kurulu Ba\u015fkan Yard\u0131mc\u0131s\u0131<\/li>\n\n\n\n<li>Do\u00e7. Dr. Ufuk GENCEL (\u0130D\u00dc \u0130\u0130BF Maliye B\u00f6l\u00fcm\u00fc)<\/li>\n\n\n\n<li>Do\u00e7. Dr. Ferhat AKBEY (ER\u00dc \u0130\u0130BF Maliye B\u00f6l\u00fcm\u00fc) &#8211; Koordinat\u00f6r<\/li>\n\n\n\n<li>Do\u00e7. Dr. Hakan HOTUNLUO\u011eLU (AD\u00dc \u0130F Maliye B\u00f6l\u00fcm\u00fc<\/li>\n\n\n\n<li>Do\u00e7. Dr. Arman Zafer YAL\u00c7IN (BA\u00dcN \u0130\u0130BF Maliye B\u00f6l\u00fcm\u00fc)<\/li>\n\n\n\n<li>Do\u00e7. Dr. \u00d6zg\u00fcr B\u0130YAN (BAN\u00dc \u0130\u0130BF Maliye B\u00f6l\u00fcm\u00fc) <\/li>\n\n\n\n<li>Do\u00e7. Dr. Elif Ay\u015fe \u015eAH\u0130N \u0130PEK (K\u00c7\u00dc \u0130\u0130BF Maliye B\u00f6l\u00fcm\u00fc)<\/li>\n\n\n\n<li>Dr. \u00d6\u011fr. \u00dcyesi Ay\u015fe G\u00dcNAY BEKAR (DE\u00dc \u0130\u0130BF Maliye B\u00f6l\u00fcm\u00fc)<\/li>\n\n\n\n<li>Dr. \u00d6\u011fr. \u00dcyesi R. Kutlu KORLU (\u0130D\u00dc \u0130\u0130BF Maliye B\u00f6l\u00fcm\u00fc)<\/li>\n\n\n\n<li>Dr.\u00d6\u011fr. \u00dcyesi \u00d6zkan B\u0130LG\u0130L\u0130( \u0130D\u00dc \u0130\u0130BF \u0130nsan Kaynaklar\u0131 Y\u00f6netimi B\u00f6l\u00fcm\u00fc )<\/li>\n\n\n\n<li>Metin AKBULUT (\u0130D\u00dc Bilgi \u0130\u015flem Dairesi)<\/li>\n\n\n\n<li>Selahattin KARAKA\u015e (\u0130zmir YMMO Ba\u015fkan\u0131)<\/li>\n\n\n\n<li>Vedat ADAK (\u0130ZSMMMO Ba\u015fkan\u0131)<\/li>\n\n\n\n<li>\u0130layda \u00c7ALI\u015eKAN \u0130D\u00dc Maliye Toplulu\u011fu Ba\u015fkan\u0131 <\/li>\n\n\n\n<p><\/p>\n","protected":false},"excerpt":{"rendered":"<p>D\u00fczenleme Kurulu Ba\u015fkan\u0131: Prof. Dr. Bedriye TUN\u00c7S\u0130PER (\u0130D\u00dc Rekt\u00f6r\u00fc) Prof.Dr. H\u00fcseyin AKAY (\u0130D\u00dc \u0130\u0130BF Dekan V.) Prof.Dr. Cevdet Alptekin KAYALI (\u0130D\u00dc \u0130\u0130BF \u0130\u015fletme B\u00f6l\u00fcm\u00fc) Prof.Dr. Zeynep ARIKAN (DE\u00dc \u0130\u0130BF Maliye B\u00f6l\u00fcm Ba\u015fkan\u0131) Prof.Dr. Bernur A\u00c7IKG\u00d6Z (\u0130K\u00c7\u00dc \u0130\u0130BF Maliye B\u00f6l\u00fcm Ba\u015fkan\u0131) Do\u00e7. Dr. Musa G\u00d6K (\u0130D\u00dc \u0130\u0130BF Maliye B\u00f6l\u00fcm\u00fc) &#8211; D\u00fczenleme Kurulu Ba\u015fkan Yard\u0131mc\u0131s\u0131 Do\u00e7. Dr. Ufuk GENCEL (\u0130D\u00dc \u0130\u0130BF Maliye B\u00f6l\u00fcm\u00fc) Do\u00e7. Dr. Ferhat AKBEY (ER\u00dc \u0130\u0130BF Maliye B\u00f6l\u00fcm\u00fc) &#8211; Koordinat\u00f6r Do\u00e7. Dr. Hakan HOTUNLUO\u011eLU (AD\u00dc \u0130F Maliye B\u00f6l\u00fcm\u00fc Do\u00e7. Dr. Arman Zafer YAL\u00c7IN (BA\u00dcN \u0130\u0130BF Maliye B\u00f6l\u00fcm\u00fc) Do\u00e7. Dr. \u00d6zg\u00fcr B\u0130YAN (BAN\u00dc \u0130\u0130BF Maliye B\u00f6l\u00fcm\u00fc) Do\u00e7. Dr. Elif Ay\u015fe \u015eAH\u0130N \u0130PEK (K\u00c7\u00dc \u0130\u0130BF Maliye B\u00f6l\u00fcm\u00fc) Dr. \u00d6\u011fr. \u00dcyesi Ay\u015fe G\u00dcNAY BEKAR (DE\u00dc \u0130\u0130BF Maliye B\u00f6l\u00fcm\u00fc) Dr. \u00d6\u011fr. \u00dcyesi R. Kutlu KORLU (\u0130D\u00dc \u0130\u0130BF Maliye B\u00f6l\u00fcm\u00fc) Dr.\u00d6\u011fr. \u00dcyesi \u00d6zkan B\u0130LG\u0130L\u0130( \u0130D\u00dc \u0130\u0130BF \u0130nsan Kaynaklar\u0131 Y\u00f6netimi B\u00f6l\u00fcm\u00fc ) Metin AKBULUT (\u0130D\u00dc Bilgi \u0130\u015flem Dairesi) Selahattin KARAKA\u015e (\u0130zmir YMMO Ba\u015fkan\u0131) Vedat ADAK (\u0130ZSMMMO Ba\u015fkan\u0131) \u0130layda \u00c7ALI\u015eKAN \u0130D\u00dc Maliye Toplulu\u011fu Ba\u015fkan\u0131<\/p>\n","protected":false},"author":1,"featured_media":0,"parent":0,"menu_order":0,"comment_status":"closed","ping_status":"closed","template":"","meta":{"footnotes":""},"class_list":["post-15","page","type-page","status-publish","hentry"],"_links":{"self":[{"href":"https:\/\/makon.idu.edu.tr\/index.php\/wp-json\/wp\/v2\/pages\/15","targetHints":{"allow":["GET"]}}],"collection":[{"href":"https:\/\/makon.idu.edu.tr\/index.php\/wp-json\/wp\/v2\/pages"}],"about":[{"href":"https:\/\/makon.idu.edu.tr\/index.php\/wp-json\/wp\/v2\/types\/page"}],"author":[{"embeddable":true,"href":"https:\/\/makon.idu.edu.tr\/index.php\/wp-json\/wp\/v2\/users\/1"}],"replies":[{"embeddable":true,"href":"https:\/\/makon.idu.edu.tr\/index.php\/wp-json\/wp\/v2\/comments?post=15"}],"version-history":[{"count":18,"href":"https:\/\/makon.idu.edu.tr\/index.php\/wp-json\/wp\/v2\/pages\/15\/revisions"}],"predecessor-version":[{"id":284,"href":"https:\/\/makon.idu.edu.tr\/index.php\/wp-json\/wp\/v2\/pages\/15\/revisions\/284"}],"wp:attachment":[{"href":"https:\/\/makon.idu.edu.tr\/index.php\/wp-json\/wp\/v2\/media?parent=15"}],"curies":[{"name":"wp","href":"https:\/\/api.w.org\/{rel}","templated":true}]}}