{"id":11,"date":"2019-11-15T14:36:12","date_gmt":"2019-11-15T14:36:12","guid":{"rendered":"http:\/\/makon.idu.edu.tr\/?page_id=11"},"modified":"2020-09-01T15:12:16","modified_gmt":"2020-09-01T12:12:16","slug":"onemli-tarihler","status":"publish","type":"page","link":"https:\/\/makon.idu.edu.tr\/index.php\/onemli-tarihler\/","title":{"rendered":"\u00d6nemli Tarihler"},"content":{"rendered":"\n<p><strong>Bildiri \u00d6zeti Son G\u00f6nderme Tarihi: <\/strong>17 \u015eubat 2020<\/p>\n\n\n\n<p><strong>Kabul Edilen Bildirilerin \u0130lan Tarihi:<\/strong> 02 Mart 2020 <\/p>\n\n\n\n<p><strong>Kongre Kay\u0131t Tarihleri: <\/strong>02 Mart \u2013 09 Mart 2020 <\/p>\n\n\n\n<p><strong>Kongre Tarihi: <\/strong>16-17-18 Ekim 2020 <\/p>\n\n\n\n<p><strong>Tam Metinlerin Son G\u00f6nderilme Tarihi:\u00a0<\/strong>15 aral\u0131k 2020<\/p>\n\n\n\n<p><\/p>\n\n\n\n<p><\/p>\n\n\n\n<p><br><\/p>\n","protected":false},"excerpt":{"rendered":"<p>Bildiri \u00d6zeti Son G\u00f6nderme Tarihi: 17 \u015eubat 2020 Kabul Edilen Bildirilerin \u0130lan Tarihi: 02 Mart 2020 Kongre Kay\u0131t Tarihleri: 02 Mart \u2013 09 Mart 2020 Kongre Tarihi: 16-17-18 Ekim 2020 Tam Metinlerin Son G\u00f6nderilme Tarihi:\u00a015 aral\u0131k 2020<\/p>\n","protected":false},"author":1,"featured_media":0,"parent":0,"menu_order":0,"comment_status":"closed","ping_status":"closed","template":"","meta":{"footnotes":""},"class_list":["post-11","page","type-page","status-publish","hentry"],"_links":{"self":[{"href":"https:\/\/makon.idu.edu.tr\/index.php\/wp-json\/wp\/v2\/pages\/11","targetHints":{"allow":["GET"]}}],"collection":[{"href":"https:\/\/makon.idu.edu.tr\/index.php\/wp-json\/wp\/v2\/pages"}],"about":[{"href":"https:\/\/makon.idu.edu.tr\/index.php\/wp-json\/wp\/v2\/types\/page"}],"author":[{"embeddable":true,"href":"https:\/\/makon.idu.edu.tr\/index.php\/wp-json\/wp\/v2\/users\/1"}],"replies":[{"embeddable":true,"href":"https:\/\/makon.idu.edu.tr\/index.php\/wp-json\/wp\/v2\/comments?post=11"}],"version-history":[{"count":9,"href":"https:\/\/makon.idu.edu.tr\/index.php\/wp-json\/wp\/v2\/pages\/11\/revisions"}],"predecessor-version":[{"id":346,"href":"https:\/\/makon.idu.edu.tr\/index.php\/wp-json\/wp\/v2\/pages\/11\/revisions\/346"}],"wp:attachment":[{"href":"https:\/\/makon.idu.edu.tr\/index.php\/wp-json\/wp\/v2\/media?parent=11"}],"curies":[{"name":"wp","href":"https:\/\/api.w.org\/{rel}","templated":true}]}}